{"id":11551,"date":"2025-09-21T14:17:42","date_gmt":"2025-09-21T07:17:42","guid":{"rendered":"https:\/\/baovemamsong.org\/?page_id=11551"},"modified":"2025-09-21T14:18:49","modified_gmt":"2025-09-21T07:18:49","slug":"cau-hoi-2-chua-noi-gi-ve-do-huyet-vo-toi-bao-gom-ca-nao-pha-thai","status":"publish","type":"page","link":"https:\/\/baovemamsong.org\/eng\/cau-hoi-2-chua-noi-gi-ve-do-huyet-vo-toi-bao-gom-ca-nao-pha-thai\/","title":{"rendered":"C\u00e2u h\u1ecfi 2: Ch\u00faa N\u00f3i g\u00ec v\u1ec1 \u0110\u1ed5 huy\u1ebft V\u00f4 t\u1ed9i? Bao g\u1ed3m c\u1ea3 N\u1ea1o ph\u00e1 Thai?"},"content":{"rendered":"<div data-elementor-type=\"wp-page\" data-elementor-id=\"11551\" class=\"elementor elementor-11551\">\n\t\t\t\t\t\t<section class=\"elementor-section elementor-top-section elementor-element elementor-element-34da4b6 elementor-section-boxed elementor-section-height-default elementor-section-height-default\" data-id=\"34da4b6\" data-element_type=\"section\">\n\t\t\t\t\t\t<div class=\"elementor-container elementor-column-gap-default\">\n\t\t\t\t\t<div class=\"elementor-column elementor-col-100 elementor-top-column elementor-element elementor-element-5ba2b6f column-style-top column-top\" data-id=\"5ba2b6f\" data-element_type=\"column\">\n\t\t\t<div class=\"elementor-widget-wrap elementor-element-populated\">\n\t\t\t\t\t\t<div class=\"elementor-element elementor-element-cac7f15 elementor-widget elementor-widget-text-editor\" data-id=\"cac7f15\" data-element_type=\"widget\" data-widget_type=\"text-editor.default\">\n\t\t\t\t<div class=\"elementor-widget-container\">\n\t\t\t\t\t\t\t<iframe src=\"https:\/\/docs.google.com\/presentation\/d\/e\/2PACX-1vQtPbchmzidb9wFkITOmCA5zUV6rR4f9RGkSPsFzAj28xFwjOupcgqh7aZuOewHCw\/pubembed?start=false&#038;loop=false&#038;delayms=3000\" frameborder=\"0\" width=\"1130\" height=\"665\" allowfullscreen=\"true\" mozallowfullscreen=\"true\" webkitallowfullscreen=\"true\"><\/iframe>\t\t\t\t\t\t<\/div>\n\t\t\t\t<\/div>\n\t\t\t\t\t<\/div>\n\t\t<\/div>\n\t\t\t\t\t<\/div>\n\t\t<\/section>\n\t\t\t\t<\/div>","protected":false},"excerpt":{"rendered":"","protected":false},"author":2,"featured_media":0,"parent":0,"menu_order":0,"comment_status":"closed","ping_status":"closed","template":"","meta":{"_eb_attr":"","_monsterinsights_skip_tracking":false,"_monsterinsights_sitenote_active":false,"_monsterinsights_sitenote_note":"","_monsterinsights_sitenote_category":0,"_uf_show_specific_survey":0,"_uf_disable_surveys":false,"footnotes":""},"aioseo_notices":[],"post_mailing_queue_ids":[],"_links":{"self":[{"href":"https:\/\/baovemamsong.org\/eng\/wp-json\/wp\/v2\/pages\/11551"}],"collection":[{"href":"https:\/\/baovemamsong.org\/eng\/wp-json\/wp\/v2\/pages"}],"about":[{"href":"https:\/\/baovemamsong.org\/eng\/wp-json\/wp\/v2\/types\/page"}],"author":[{"embeddable":true,"href":"https:\/\/baovemamsong.org\/eng\/wp-json\/wp\/v2\/users\/2"}],"replies":[{"embeddable":true,"href":"https:\/\/baovemamsong.org\/eng\/wp-json\/wp\/v2\/comments?post=11551"}],"version-history":[{"count":4,"href":"https:\/\/baovemamsong.org\/eng\/wp-json\/wp\/v2\/pages\/11551\/revisions"}],"predecessor-version":[{"id":11555,"href":"https:\/\/baovemamsong.org\/eng\/wp-json\/wp\/v2\/pages\/11551\/revisions\/11555"}],"wp:attachment":[{"href":"https:\/\/baovemamsong.org\/eng\/wp-json\/wp\/v2\/media?parent=11551"}],"curies":[{"name":"wp","href":"https:\/\/api.w.org\/{rel}","templated":true}]}}