{"id":11560,"date":"2025-09-21T14:24:00","date_gmt":"2025-09-21T07:24:00","guid":{"rendered":"https:\/\/baovemamsong.org\/?page_id=11560"},"modified":"2025-09-21T14:25:23","modified_gmt":"2025-09-21T07:25:23","slug":"cau-hoi-3-lam-sao-mang-an-dien-cua-phuc-am-den-voi-toi-pha-thai-de-con-nguoi-duoc-tha-thu-va-giai-phong","status":"publish","type":"page","link":"https:\/\/baovemamsong.org\/eng\/cau-hoi-3-lam-sao-mang-an-dien-cua-phuc-am-den-voi-toi-pha-thai-de-con-nguoi-duoc-tha-thu-va-giai-phong\/","title":{"rendered":"C\u00e2u h\u1ecfi 3: L\u00e0m sao mang \u00e2n \u0111i\u1ec3n c\u1ee7a Ph\u00fac \u00c2m \u0111\u1ebfn v\u1edbi t\u1ed9i ph\u00e1 thai, \u0111\u1ec3 con ng\u01b0\u1eddi \u0111\u01b0\u1ee3c tha th\u1ee9 v\u00e0 gi\u1ea3i ph\u00f3ng"},"content":{"rendered":"<div data-elementor-type=\"wp-page\" data-elementor-id=\"11560\" class=\"elementor elementor-11560\">\n\t\t\t\t\t\t<section class=\"elementor-section elementor-top-section elementor-element elementor-element-5aeca0d elementor-section-boxed elementor-section-height-default elementor-section-height-default\" data-id=\"5aeca0d\" data-element_type=\"section\">\n\t\t\t\t\t\t<div class=\"elementor-container elementor-column-gap-default\">\n\t\t\t\t\t<div class=\"elementor-column elementor-col-100 elementor-top-column elementor-element elementor-element-489ed3d column-style-top column-top\" data-id=\"489ed3d\" data-element_type=\"column\">\n\t\t\t<div class=\"elementor-widget-wrap elementor-element-populated\">\n\t\t\t\t\t\t<div class=\"elementor-element elementor-element-6bcb6e6 elementor-widget elementor-widget-text-editor\" data-id=\"6bcb6e6\" data-element_type=\"widget\" data-widget_type=\"text-editor.default\">\n\t\t\t\t<div class=\"elementor-widget-container\">\n\t\t\t\t\t\t\t<iframe src=\"https:\/\/docs.google.com\/presentation\/d\/e\/2PACX-1vSw7Vqur0PX0VCh2CJSQh3ltzwNt7nUBsq0-H1-IzRSuWMHhFFupRAxMlN1_ZZOQQ\/pubembed?start=false&#038;loop=false&#038;delayms=3000\" frameborder=\"0\" width=\"1130\" height=\"665\" allowfullscreen=\"true\" mozallowfullscreen=\"true\" webkitallowfullscreen=\"true\"><\/iframe>\t\t\t\t\t\t<\/div>\n\t\t\t\t<\/div>\n\t\t\t\t\t<\/div>\n\t\t<\/div>\n\t\t\t\t\t<\/div>\n\t\t<\/section>\n\t\t\t\t<\/div>","protected":false},"excerpt":{"rendered":"","protected":false},"author":2,"featured_media":0,"parent":0,"menu_order":0,"comment_status":"closed","ping_status":"closed","template":"","meta":{"_eb_attr":"","_monsterinsights_skip_tracking":false,"_monsterinsights_sitenote_active":false,"_monsterinsights_sitenote_note":"","_monsterinsights_sitenote_category":0,"_uf_show_specific_survey":0,"_uf_disable_surveys":false,"footnotes":""},"aioseo_notices":[],"post_mailing_queue_ids":[],"_links":{"self":[{"href":"https:\/\/baovemamsong.org\/eng\/wp-json\/wp\/v2\/pages\/11560"}],"collection":[{"href":"https:\/\/baovemamsong.org\/eng\/wp-json\/wp\/v2\/pages"}],"about":[{"href":"https:\/\/baovemamsong.org\/eng\/wp-json\/wp\/v2\/types\/page"}],"author":[{"embeddable":true,"href":"https:\/\/baovemamsong.org\/eng\/wp-json\/wp\/v2\/users\/2"}],"replies":[{"embeddable":true,"href":"https:\/\/baovemamsong.org\/eng\/wp-json\/wp\/v2\/comments?post=11560"}],"version-history":[{"count":4,"href":"https:\/\/baovemamsong.org\/eng\/wp-json\/wp\/v2\/pages\/11560\/revisions"}],"predecessor-version":[{"id":11564,"href":"https:\/\/baovemamsong.org\/eng\/wp-json\/wp\/v2\/pages\/11560\/revisions\/11564"}],"wp:attachment":[{"href":"https:\/\/baovemamsong.org\/eng\/wp-json\/wp\/v2\/media?parent=11560"}],"curies":[{"name":"wp","href":"https:\/\/api.w.org\/{rel}","templated":true}]}}