{"id":11570,"date":"2025-09-21T14:30:19","date_gmt":"2025-09-21T07:30:19","guid":{"rendered":"https:\/\/baovemamsong.org\/?page_id=11570"},"modified":"2025-09-21T14:31:19","modified_gmt":"2025-09-21T07:31:19","slug":"cau-hoi-4-chua-keu-goi-chung-ta-lam-gi-de-ngan-su-do-huyet-vo-toi-nhung-nguoi-khac-da-lam-viec-nay-nhu-the-nao","status":"publish","type":"page","link":"https:\/\/baovemamsong.org\/eng\/cau-hoi-4-chua-keu-goi-chung-ta-lam-gi-de-ngan-su-do-huyet-vo-toi-nhung-nguoi-khac-da-lam-viec-nay-nhu-the-nao\/","title":{"rendered":"C\u00c2U H\u1eceI 4 : Ch\u00faa k\u00eau g\u1ecdi ch\u00fang ta l\u00e0m g\u00ec \u0111\u1ec3 ng\u0103n s\u1ef1 \u0111\u1ed5 huy\u1ebft v\u00f4 t\u1ed9i? Nh\u1eefng ng\u01b0\u1eddi kh\u00e1c \u0111\u00e3 l\u00e0m vi\u1ec7c n\u00e0y nh\u01b0 th\u1ebf n\u00e0o?"},"content":{"rendered":"<div data-elementor-type=\"wp-page\" data-elementor-id=\"11570\" class=\"elementor elementor-11570\">\n\t\t\t\t\t\t<section class=\"elementor-section elementor-top-section elementor-element elementor-element-2bca663 elementor-section-boxed elementor-section-height-default elementor-section-height-default\" data-id=\"2bca663\" data-element_type=\"section\">\n\t\t\t\t\t\t<div class=\"elementor-container elementor-column-gap-default\">\n\t\t\t\t\t<div class=\"elementor-column elementor-col-100 elementor-top-column elementor-element elementor-element-89dcef2 column-style-top column-top\" data-id=\"89dcef2\" data-element_type=\"column\">\n\t\t\t<div class=\"elementor-widget-wrap elementor-element-populated\">\n\t\t\t\t\t\t<div class=\"elementor-element elementor-element-baa7651 elementor-widget elementor-widget-text-editor\" data-id=\"baa7651\" data-element_type=\"widget\" data-widget_type=\"text-editor.default\">\n\t\t\t\t<div class=\"elementor-widget-container\">\n\t\t\t\t\t\t\t<iframe src=\"https:\/\/docs.google.com\/presentation\/d\/e\/2PACX-1vQWVfnJm5U56CCUmW8UHzQ5RbsLIbuYlFvjBvx6IcFcC1KmpLZeDFAV6UtY0xCENg\/pubembed?start=false&#038;loop=false&#038;delayms=3000\" frameborder=\"0\" width=\"1130\" height=\"665\" allowfullscreen=\"true\" mozallowfullscreen=\"true\" webkitallowfullscreen=\"true\"><\/iframe>\t\t\t\t\t\t<\/div>\n\t\t\t\t<\/div>\n\t\t\t\t\t<\/div>\n\t\t<\/div>\n\t\t\t\t\t<\/div>\n\t\t<\/section>\n\t\t\t\t<\/div>","protected":false},"excerpt":{"rendered":"","protected":false},"author":2,"featured_media":0,"parent":0,"menu_order":0,"comment_status":"closed","ping_status":"closed","template":"","meta":{"_eb_attr":"","_monsterinsights_skip_tracking":false,"_monsterinsights_sitenote_active":false,"_monsterinsights_sitenote_note":"","_monsterinsights_sitenote_category":0,"_uf_show_specific_survey":0,"_uf_disable_surveys":false,"footnotes":""},"aioseo_notices":[],"post_mailing_queue_ids":[],"_links":{"self":[{"href":"https:\/\/baovemamsong.org\/eng\/wp-json\/wp\/v2\/pages\/11570"}],"collection":[{"href":"https:\/\/baovemamsong.org\/eng\/wp-json\/wp\/v2\/pages"}],"about":[{"href":"https:\/\/baovemamsong.org\/eng\/wp-json\/wp\/v2\/types\/page"}],"author":[{"embeddable":true,"href":"https:\/\/baovemamsong.org\/eng\/wp-json\/wp\/v2\/users\/2"}],"replies":[{"embeddable":true,"href":"https:\/\/baovemamsong.org\/eng\/wp-json\/wp\/v2\/comments?post=11570"}],"version-history":[{"count":4,"href":"https:\/\/baovemamsong.org\/eng\/wp-json\/wp\/v2\/pages\/11570\/revisions"}],"predecessor-version":[{"id":11574,"href":"https:\/\/baovemamsong.org\/eng\/wp-json\/wp\/v2\/pages\/11570\/revisions\/11574"}],"wp:attachment":[{"href":"https:\/\/baovemamsong.org\/eng\/wp-json\/wp\/v2\/media?parent=11570"}],"curies":[{"name":"wp","href":"https:\/\/api.w.org\/{rel}","templated":true}]}}