{"id":11792,"date":"2025-11-20T18:50:01","date_gmt":"2025-11-20T11:50:01","guid":{"rendered":"https:\/\/baovemamsong.org\/?page_id=11792"},"modified":"2025-11-20T18:51:14","modified_gmt":"2025-11-20T11:51:14","slug":"u-te-tom-bota-cu-kir-tom-t-bun","status":"publish","type":"page","link":"https:\/\/baovemamsong.org\/eng\/u-te-tom-bota-cu-kir-tom-t-bun\/","title":{"rendered":"\u00a0\u00a0\u00a0\u00a0\u00a0\u00a0\u00a0\u00a0\u00a0\u00a0\u00a0 \u01af T\u00ca T\u00d2M B\u01a0TA C\u00d9 K\u00ccR T\u00d2M T BUN"},"content":{"rendered":"<div data-elementor-type=\"wp-page\" data-elementor-id=\"11792\" class=\"elementor elementor-11792\">\n\t\t\t\t\t\t<section class=\"elementor-section elementor-top-section elementor-element elementor-element-75ccf84 elementor-section-boxed elementor-section-height-default elementor-section-height-default\" data-id=\"75ccf84\" data-element_type=\"section\">\n\t\t\t\t\t\t<div class=\"elementor-container elementor-column-gap-default\">\n\t\t\t\t\t<div class=\"elementor-column elementor-col-100 elementor-top-column elementor-element elementor-element-ad7bef2 column-style-top column-top\" data-id=\"ad7bef2\" data-element_type=\"column\">\n\t\t\t<div class=\"elementor-widget-wrap elementor-element-populated\">\n\t\t\t\t\t\t<div class=\"elementor-element elementor-element-72a73cf elementor-widget elementor-widget-text-editor\" data-id=\"72a73cf\" data-element_type=\"widget\" data-widget_type=\"text-editor.default\">\n\t\t\t\t<div class=\"elementor-widget-container\">\n\t\t\t\t\t\t\t<iframe src=\"https:\/\/docs.google.com\/presentation\/d\/e\/2PACX-1vR5W1jBXBlRxYkd5DdMi_B0xJKmlC1VPTLZnmS7G9LfbtZjEUA9rdqbl0bPeTzXQA\/pubembed?start=true&#038;loop=false&#038;delayms=3000\" frameborder=\"0\" width=\"1130\" height=\"665\" allowfullscreen=\"true\" mozallowfullscreen=\"true\" webkitallowfullscreen=\"true\"><\/iframe>\t\t\t\t\t\t<\/div>\n\t\t\t\t<\/div>\n\t\t\t\t\t<\/div>\n\t\t<\/div>\n\t\t\t\t\t<\/div>\n\t\t<\/section>\n\t\t\t\t<\/div>","protected":false},"excerpt":{"rendered":"","protected":false},"author":2,"featured_media":0,"parent":0,"menu_order":0,"comment_status":"closed","ping_status":"closed","template":"","meta":{"_eb_attr":"","_monsterinsights_skip_tracking":false,"_monsterinsights_sitenote_active":false,"_monsterinsights_sitenote_note":"","_monsterinsights_sitenote_category":0,"_uf_show_specific_survey":0,"_uf_disable_surveys":false,"footnotes":""},"aioseo_notices":[],"post_mailing_queue_ids":[],"_links":{"self":[{"href":"https:\/\/baovemamsong.org\/eng\/wp-json\/wp\/v2\/pages\/11792"}],"collection":[{"href":"https:\/\/baovemamsong.org\/eng\/wp-json\/wp\/v2\/pages"}],"about":[{"href":"https:\/\/baovemamsong.org\/eng\/wp-json\/wp\/v2\/types\/page"}],"author":[{"embeddable":true,"href":"https:\/\/baovemamsong.org\/eng\/wp-json\/wp\/v2\/users\/2"}],"replies":[{"embeddable":true,"href":"https:\/\/baovemamsong.org\/eng\/wp-json\/wp\/v2\/comments?post=11792"}],"version-history":[{"count":5,"href":"https:\/\/baovemamsong.org\/eng\/wp-json\/wp\/v2\/pages\/11792\/revisions"}],"predecessor-version":[{"id":11800,"href":"https:\/\/baovemamsong.org\/eng\/wp-json\/wp\/v2\/pages\/11792\/revisions\/11800"}],"wp:attachment":[{"href":"https:\/\/baovemamsong.org\/eng\/wp-json\/wp\/v2\/media?parent=11792"}],"curies":[{"name":"wp","href":"https:\/\/api.w.org\/{rel}","templated":true}]}}