{"id":12323,"date":"2026-03-10T17:22:07","date_gmt":"2026-03-10T10:22:07","guid":{"rendered":"https:\/\/baovemamsong.org\/?page_id=12323"},"modified":"2026-03-10T17:24:06","modified_gmt":"2026-03-10T10:24:06","slug":"pcho-ttayh-ptou-rol-wa-dat-loi","status":"publish","type":"page","link":"https:\/\/baovemamsong.org\/eng\/pcho-ttayh-ptou-rol-wa-dat-loi\/","title":{"rendered":"Pch\u014f ttayh ptou rol w\u0103 d\u00e3t l\u00f2i"},"content":{"rendered":"<div data-elementor-type=\"wp-page\" data-elementor-id=\"12323\" class=\"elementor elementor-12323\">\n\t\t\t\t\t\t<section class=\"elementor-section elementor-top-section elementor-element elementor-element-71ba64b elementor-section-boxed elementor-section-height-default elementor-section-height-default\" data-id=\"71ba64b\" data-element_type=\"section\">\n\t\t\t\t\t\t<div class=\"elementor-container elementor-column-gap-default\">\n\t\t\t\t\t<div class=\"elementor-column elementor-col-100 elementor-top-column elementor-element elementor-element-e3939ba column-style-top column-top\" data-id=\"e3939ba\" data-element_type=\"column\">\n\t\t\t<div class=\"elementor-widget-wrap elementor-element-populated\">\n\t\t\t\t\t\t<div class=\"elementor-element elementor-element-0c2def2 elementor-widget elementor-widget-text-editor\" data-id=\"0c2def2\" data-element_type=\"widget\" data-widget_type=\"text-editor.default\">\n\t\t\t\t<div class=\"elementor-widget-container\">\n\t\t\t\t\t\t\t<iframe src=\"https:\/\/docs.google.com\/presentation\/d\/e\/2PACX-1vSi_ZxvabLiqxklCXEJ-XVt0NZZzxwc3yVgBvUYhZU_F1aakmcjG5LeV3gwl1-qLw\/pubembed?start=false&#038;loop=false&#038;delayms=3000\" frameborder=\"0\" width=\"1130\" height=\"665\" allowfullscreen=\"true\" mozallowfullscreen=\"true\" webkitallowfullscreen=\"true\"><\/iframe>\t\t\t\t\t\t<\/div>\n\t\t\t\t<\/div>\n\t\t\t\t\t<\/div>\n\t\t<\/div>\n\t\t\t\t\t<\/div>\n\t\t<\/section>\n\t\t\t\t<\/div>","protected":false},"excerpt":{"rendered":"","protected":false},"author":2,"featured_media":0,"parent":0,"menu_order":0,"comment_status":"closed","ping_status":"closed","template":"","meta":{"_eb_attr":"","_monsterinsights_skip_tracking":false,"_monsterinsights_sitenote_active":false,"_monsterinsights_sitenote_note":"","_monsterinsights_sitenote_category":0,"_uf_show_specific_survey":0,"_uf_disable_surveys":false,"footnotes":""},"aioseo_notices":[],"post_mailing_queue_ids":[],"_links":{"self":[{"href":"https:\/\/baovemamsong.org\/eng\/wp-json\/wp\/v2\/pages\/12323"}],"collection":[{"href":"https:\/\/baovemamsong.org\/eng\/wp-json\/wp\/v2\/pages"}],"about":[{"href":"https:\/\/baovemamsong.org\/eng\/wp-json\/wp\/v2\/types\/page"}],"author":[{"embeddable":true,"href":"https:\/\/baovemamsong.org\/eng\/wp-json\/wp\/v2\/users\/2"}],"replies":[{"embeddable":true,"href":"https:\/\/baovemamsong.org\/eng\/wp-json\/wp\/v2\/comments?post=12323"}],"version-history":[{"count":4,"href":"https:\/\/baovemamsong.org\/eng\/wp-json\/wp\/v2\/pages\/12323\/revisions"}],"predecessor-version":[{"id":12327,"href":"https:\/\/baovemamsong.org\/eng\/wp-json\/wp\/v2\/pages\/12323\/revisions\/12327"}],"wp:attachment":[{"href":"https:\/\/baovemamsong.org\/eng\/wp-json\/wp\/v2\/media?parent=12323"}],"curies":[{"name":"wp","href":"https:\/\/api.w.org\/{rel}","templated":true}]}}