{"id":12331,"date":"2026-03-10T17:25:16","date_gmt":"2026-03-10T10:25:16","guid":{"rendered":"https:\/\/baovemamsong.org\/?page_id=12331"},"modified":"2026-03-10T17:26:42","modified_gmt":"2026-03-10T10:26:42","slug":"tnang-do-chu-jang-pi-lam-dang-dol","status":"publish","type":"page","link":"https:\/\/baovemamsong.org\/eng\/tnang-do-chu-jang-pi-lam-dang-dol\/","title":{"rendered":"Tn\u0103ng D\u014f Ch\u0169 Jang P\u012d L\u0103m Dang Dol"},"content":{"rendered":"<div data-elementor-type=\"wp-page\" data-elementor-id=\"12331\" class=\"elementor elementor-12331\">\n\t\t\t\t\t\t<section class=\"elementor-section elementor-top-section elementor-element elementor-element-bace03c elementor-section-boxed elementor-section-height-default elementor-section-height-default\" data-id=\"bace03c\" data-element_type=\"section\">\n\t\t\t\t\t\t<div class=\"elementor-container elementor-column-gap-default\">\n\t\t\t\t\t<div class=\"elementor-column elementor-col-100 elementor-top-column elementor-element elementor-element-d156d39 column-style-top column-top\" data-id=\"d156d39\" data-element_type=\"column\">\n\t\t\t<div class=\"elementor-widget-wrap elementor-element-populated\">\n\t\t\t\t\t\t<div class=\"elementor-element elementor-element-d6698b7 elementor-widget elementor-widget-text-editor\" data-id=\"d6698b7\" data-element_type=\"widget\" data-widget_type=\"text-editor.default\">\n\t\t\t\t<div class=\"elementor-widget-container\">\n\t\t\t\t\t\t\t<iframe src=\"https:\/\/docs.google.com\/presentation\/d\/e\/2PACX-1vQ7VF9d6X8_2m0xXrSTHpN9RWwdySQdxpHoYG9JBttdA8ZRCI5hWtYiAX6F-iXlCg\/pubembed?start=false&#038;loop=false&#038;delayms=3000\" frameborder=\"0\" width=\"1130\" height=\"665\" allowfullscreen=\"true\" mozallowfullscreen=\"true\" webkitallowfullscreen=\"true\"><\/iframe>\t\t\t\t\t\t<\/div>\n\t\t\t\t<\/div>\n\t\t\t\t\t<\/div>\n\t\t<\/div>\n\t\t\t\t\t<\/div>\n\t\t<\/section>\n\t\t\t\t<\/div>","protected":false},"excerpt":{"rendered":"","protected":false},"author":2,"featured_media":0,"parent":0,"menu_order":0,"comment_status":"closed","ping_status":"closed","template":"","meta":{"_eb_attr":"","_monsterinsights_skip_tracking":false,"_monsterinsights_sitenote_active":false,"_monsterinsights_sitenote_note":"","_monsterinsights_sitenote_category":0,"_uf_show_specific_survey":0,"_uf_disable_surveys":false,"footnotes":""},"aioseo_notices":[],"post_mailing_queue_ids":[],"_links":{"self":[{"href":"https:\/\/baovemamsong.org\/eng\/wp-json\/wp\/v2\/pages\/12331"}],"collection":[{"href":"https:\/\/baovemamsong.org\/eng\/wp-json\/wp\/v2\/pages"}],"about":[{"href":"https:\/\/baovemamsong.org\/eng\/wp-json\/wp\/v2\/types\/page"}],"author":[{"embeddable":true,"href":"https:\/\/baovemamsong.org\/eng\/wp-json\/wp\/v2\/users\/2"}],"replies":[{"embeddable":true,"href":"https:\/\/baovemamsong.org\/eng\/wp-json\/wp\/v2\/comments?post=12331"}],"version-history":[{"count":4,"href":"https:\/\/baovemamsong.org\/eng\/wp-json\/wp\/v2\/pages\/12331\/revisions"}],"predecessor-version":[{"id":12335,"href":"https:\/\/baovemamsong.org\/eng\/wp-json\/wp\/v2\/pages\/12331\/revisions\/12335"}],"wp:attachment":[{"href":"https:\/\/baovemamsong.org\/eng\/wp-json\/wp\/v2\/media?parent=12331"}],"curies":[{"name":"wp","href":"https:\/\/api.w.org\/{rel}","templated":true}]}}