{"id":3124,"date":"2018-07-05T01:04:27","date_gmt":"2018-07-05T01:04:27","guid":{"rendered":"http:\/\/themesgavias.com\/wp\/oxpitan\/?page_id=3124"},"modified":"2022-10-24T17:12:31","modified_gmt":"2022-10-24T10:12:31","slug":"our-mission","status":"publish","type":"page","link":"https:\/\/baovemamsong.org\/eng\/our-mission\/","title":{"rendered":"Our Mission"},"content":{"rendered":"<div data-elementor-type=\"wp-post\" data-elementor-id=\"3124\" class=\"elementor elementor-3124\">\n\t\t\t\t\t\t<section class=\"elementor-section elementor-top-section elementor-element elementor-element-1c672db elementor-section-boxed elementor-section-height-default elementor-section-height-default\" data-id=\"1c672db\" data-element_type=\"section\">\n\t\t\t\t\t\t<div class=\"elementor-container elementor-column-gap-default\">\n\t\t\t\t\t<div class=\"elementor-column elementor-col-100 elementor-top-column elementor-element elementor-element-fbfb733 column-style-top column-top\" data-id=\"fbfb733\" data-element_type=\"column\">\n\t\t\t<div class=\"elementor-widget-wrap elementor-element-populated\">\n\t\t\t\t\t\t<div class=\"elementor-element elementor-element-b9f29c6 elementor-widget elementor-widget-embedpress_pdf\" data-id=\"b9f29c6\" data-element_type=\"widget\" data-widget_type=\"embedpress_pdf.default\">\n\t\t\t\t<div class=\"elementor-widget-container\">\n\t\t\t    <div class=\"embedpress-document-embed ep-doc-a86495b94a144104d9a32cccda527277 ose-document emebedpress-unit-percent\" data-thememode=\"default\" data-customcolor=\"\" data-toolbar=\"yes\" data-toolbar-position=\"top\" data-open=\"no\" data-presentation-mode=\"yes\" data-download=\"yes\" data-copy=\"yes\" data-rotate=\"yes\" data-details=\"yes\" data-id=\"embedpress-pdf-b9f29c6\" style=\" max-width:100%; display: inline-block\">\n        \n        \n                <div >\n                \n                    <div id=\"ep-elementor-content-b9f29c6\" class=\"ep-elementor-content   ep-percentage-width   ep-content-protection-disabled\">\n                        <div id=\"b9f29c6\" class=\"ep-embed-content-wraper\">\n                            <div><iframe title=\"Our Mission &#8211; For the Website &#8211; ENG &#8211; 21-10-2022 &#8211; 4page\" class=\"embedpress-embed-document-pdf embedpress-pdf-b9f29c6\" style=\"width: 100%!important;height: 600px;; max-width:100%; display: inline-block\" src=\"https:\/\/baovemamsong.org\/wp-admin\/admin-ajax.php?action=get_viewer&#038;file=https%3A%2F%2Fbaovemamsong.org%2Fwp-content%2Fuploads%2F2022%2F10%2FOur-Mission-For-the-Website-ENG-21-10-2022-4page.pdf#key=dGhlbWVNb2RlPWRlZmF1bHQmdG9vbGJhcj10cnVlJnBvc2l0aW9uPXRvcCZwcmVzZW50YXRpb249dHJ1ZSZkb3dubG9hZD10cnVlJmNvcHlfdGV4dD10cnVlJmFkZF90ZXh0PXRydWUmZHJhdz10cnVlJnBkZl9yb3RhdGlvbj10cnVlJnBkZl9kZXRhaWxzPXRydWU=&#038;zoom=auto\" data-emid=\"embedpress-pdf-b9f29c6\" https:><\/iframe><p class=\"embedpress-el-powered\">Powered By EmbedPress<\/p><\/div>                        <\/div>\n                    <\/div>\n                                    <\/div>\n            \n    <\/div>\n\n\t\t<\/div>\n\t\t\t\t<\/div>\n\t\t\t\t\t<\/div>\n\t\t<\/div>\n\t\t\t\t\t<\/div>\n\t\t<\/section>\n\t\t\t\t<section class=\"elementor-section elementor-top-section elementor-element elementor-element-14229520 elementor-section-boxed elementor-section-height-default elementor-section-height-default\" data-id=\"14229520\" data-element_type=\"section\">\n\t\t\t\t\t\t<div class=\"elementor-container elementor-column-gap-default\">\n\t\t\t\t\t<div class=\"elementor-column elementor-col-100 elementor-top-column elementor-element elementor-element-69c93afa column-style-top column-top\" data-id=\"69c93afa\" data-element_type=\"column\">\n\t\t\t<div class=\"elementor-widget-wrap elementor-element-populated\">\n\t\t\t\t\t\t<div class=\"elementor-element elementor-element-cb791a3 elementor-widget elementor-widget-spacer\" data-id=\"cb791a3\" data-element_type=\"widget\" data-widget_type=\"spacer.default\">\n\t\t\t\t<div class=\"elementor-widget-container\">\n\t\t\t\t\t<div class=\"elementor-spacer\">\n\t\t\t<div class=\"elementor-spacer-inner\"><\/div>\n\t\t<\/div>\n\t\t\t\t<\/div>\n\t\t\t\t<\/div>\n\t\t\t\t<section class=\"elementor-section elementor-inner-section elementor-element elementor-element-521fa3a2 elementor-section-boxed elementor-section-height-default elementor-section-height-default\" data-id=\"521fa3a2\" data-element_type=\"section\" data-settings=\"{&quot;background_background&quot;:&quot;classic&quot;}\">\n\t\t\t\t\t\t<div class=\"elementor-container elementor-column-gap-default\">\n\t\t\t\t\t<div class=\"elementor-column elementor-col-50 elementor-inner-column elementor-element elementor-element-5084d368 column-style-top column-top\" data-id=\"5084d368\" data-element_type=\"column\">\n\t\t\t<div class=\"elementor-widget-wrap elementor-element-populated\">\n\t\t\t\t\t\t<div class=\"elementor-element elementor-element-13c49de1 elementor-widget elementor-widget-heading\" data-id=\"13c49de1\" data-element_type=\"widget\" data-widget_type=\"heading.default\">\n\t\t\t\t<div class=\"elementor-widget-container\">\n\t\t\t<h2 class=\"elementor-heading-title elementor-size-default\">Want updates on our mission?\n<\/h2>\t\t<\/div>\n\t\t\t\t<\/div>\n\t\t\t\t<div class=\"elementor-element elementor-element-12a8cdc0 elementor-widget elementor-widget-text-editor\" data-id=\"12a8cdc0\" data-element_type=\"widget\" data-widget_type=\"text-editor.default\">\n\t\t\t\t<div class=\"elementor-widget-container\">\n\t\t\t\t\t\t\t<div class=\"elementor-column elementor-col-50 elementor-inner-column elementor-element elementor-element-4fedf546 column-style-top column-top\" data-id=\"4fedf546\" data-element_type=\"column\"><div class=\"elementor-column-wrap elementor-element-populated\"><div class=\"elementor-widget-wrap\"><div class=\"elementor-element elementor-element-4156fa2f elementor-widget elementor-widget-text-editor\" data-id=\"4156fa2f\" data-element_type=\"widget\" data-widget_type=\"text-editor.default\"><div class=\"elementor-widget-container\"><div class=\"elementor-text-editor elementor-clearfix\"><p>Sign up for our newsletter to stay up to date<\/p><\/div><\/div><\/div><\/div><\/div><\/div><div class=\"elementor-column elementor-col-50 elementor-inner-column elementor-element elementor-element-47223c77 column-style-top column-top\" data-id=\"47223c77\" data-element_type=\"column\"><div class=\"elementor-column-wrap elementor-element-populated\"><div class=\"elementor-widget-wrap\"><div class=\"elementor-element elementor-element-40eea9bd elementor-widget elementor-widget-shortcode\" data-id=\"40eea9bd\" data-element_type=\"widget\" data-no-translation=\"\" data-widget_type=\"shortcode.default\"><div class=\"elementor-widget-container\"><div class=\"elementor-shortcode\"><div class=\"emaillist\">\u00a0<\/div><\/div><\/div><\/div><\/div><\/div><\/div>\t\t\t\t\t\t<\/div>\n\t\t\t\t<\/div>\n\t\t\t\t\t<\/div>\n\t\t<\/div>\n\t\t\t\t<div class=\"elementor-column elementor-col-50 elementor-inner-column elementor-element elementor-element-2b120358 column-style-top column-top\" data-id=\"2b120358\" data-element_type=\"column\">\n\t\t\t<div class=\"elementor-widget-wrap elementor-element-populated\">\n\t\t\t\t\t\t<div class=\"elementor-element elementor-element-39426da2 elementor-widget elementor-widget-shortcode\" data-id=\"39426da2\" data-element_type=\"widget\" data-no-translation=\"\" data-widget_type=\"shortcode.default\">\n\t\t\t\t<div class=\"elementor-widget-container\">\n\t\t\t\t\t<div class=\"elementor-shortcode\"><div class=\"emaillist\" id=\"es_form_f2-n1\"><form action=\"\/eng\/wp-json\/wp\/v2\/pages\/3124#es_form_f2-n1\" method=\"post\" class=\"es_subscription_form es_shortcode_form  es_ajax_subscription_form\" id=\"es_subscription_form_69da7edb7e8a4\" data-source=\"ig-es\" data-form-id=\"2\" data-trp-original-action=\"\/eng\/wp-json\/wp\/v2\/pages\/3124#es_form_f2-n1\"><div class=\"es-field-wrap\"><label><input class=\"es_required_field es_txt_email ig_es_form_field_email\" type=\"email\" name=\"esfpx_email\" value=\"\" placeholder=\"\u0111i\u0323a chi\u0309 email\" required=\"required\" \/><\/label><\/div><input type=\"hidden\" name=\"esfpx_lists[]\" value=\"9a873d86a73b\" \/><input type=\"hidden\" name=\"esfpx_form_id\" value=\"2\" \/><input type=\"hidden\" name=\"es\" value=\"subscribe\" \/>\n\t\t\t<input type=\"hidden\" name=\"esfpx_es_form_identifier\" value=\"f2-n1\" \/>\n\t\t\t<input type=\"hidden\" name=\"esfpx_es_email_page\" value=\"3124\" \/>\n\t\t\t<input type=\"hidden\" name=\"esfpx_es_email_page_url\" value=\"https:\/\/baovemamsong.org\/eng\/our-mission\/\" \/>\n\t\t\t<input type=\"hidden\" name=\"esfpx_status\" value=\"Unconfirmed\" \/>\n\t\t\t<input type=\"hidden\" name=\"esfpx_es-subscribe\" id=\"es-subscribe-69da7edb7e8a4\" value=\"1199978ffc\" \/>\n\t\t\t<label style=\"position:absolute;top:-99999px;left:-99999px;z-index:-99;\" aria-hidden=\"true\"><span hidden>Please leave this field empty.<\/span><input type=\"email\" name=\"esfpx_es_hp_email\" class=\"es_required_field\" tabindex=\"-1\" autocomplete=\"-1\" value=\"\" \/><\/label><input type=\"submit\" name=\"submit\" class=\"es_subscription_form_submit es_submit_button es_textbox_button\" id=\"es_subscription_form_submit_69da7edb7e8a4\" value=\"\u0110\u0103ng k\u00fd\" \/><span class=\"es_spinner_image\" id=\"spinner-image\"><img decoding=\"async\" src=\"https:\/\/baovemamsong.org\/wp-content\/plugins\/email-subscribers\/lite\/public\/images\/spinner.gif\" alt=\"Loading\" \/><\/span><input type=\"hidden\" name=\"trp-form-language\" value=\"eng\"\/><\/form><span class=\"es_subscription_message\" id=\"es_subscription_message_69da7edb7e8a4\"><\/span><\/div><\/div>\n\t\t\t\t<\/div>\n\t\t\t\t<\/div>\n\t\t\t\t\t<\/div>\n\t\t<\/div>\n\t\t\t\t\t<\/div>\n\t\t<\/section>\n\t\t\t\t\t<\/div>\n\t\t<\/div>\n\t\t\t\t\t<\/div>\n\t\t<\/section>\n\t\t\t\t<\/div>","protected":false},"excerpt":{"rendered":"<p>Powered By EmbedPress Mu\u1ed1n c\u1eadp nh\u1eadn th\u00f4ng tin t\u1eeb ch\u00fang t\u00f4i? \u0110\u0103ng k\u00fd ngay \u0111\u1ec3 nh\u1eadn tin t\u1ee9c v\u00e0 c\u1eadp nh\u1eadt th\u01b0\u1eddng xuy\u00ean \u00a0<\/p>","protected":false},"author":1,"featured_media":0,"parent":0,"menu_order":0,"comment_status":"closed","ping_status":"closed","template":"","meta":{"_eb_attr":"","_monsterinsights_skip_tracking":false,"_monsterinsights_sitenote_active":false,"_monsterinsights_sitenote_note":"","_monsterinsights_sitenote_category":0,"_uf_show_specific_survey":0,"_uf_disable_surveys":false,"footnotes":""},"aioseo_notices":[],"post_mailing_queue_ids":[],"_links":{"self":[{"href":"https:\/\/baovemamsong.org\/eng\/wp-json\/wp\/v2\/pages\/3124"}],"collection":[{"href":"https:\/\/baovemamsong.org\/eng\/wp-json\/wp\/v2\/pages"}],"about":[{"href":"https:\/\/baovemamsong.org\/eng\/wp-json\/wp\/v2\/types\/page"}],"author":[{"embeddable":true,"href":"https:\/\/baovemamsong.org\/eng\/wp-json\/wp\/v2\/users\/1"}],"replies":[{"embeddable":true,"href":"https:\/\/baovemamsong.org\/eng\/wp-json\/wp\/v2\/comments?post=3124"}],"version-history":[{"count":49,"href":"https:\/\/baovemamsong.org\/eng\/wp-json\/wp\/v2\/pages\/3124\/revisions"}],"predecessor-version":[{"id":8687,"href":"https:\/\/baovemamsong.org\/eng\/wp-json\/wp\/v2\/pages\/3124\/revisions\/8687"}],"wp:attachment":[{"href":"https:\/\/baovemamsong.org\/eng\/wp-json\/wp\/v2\/media?parent=3124"}],"curies":[{"name":"wp","href":"https:\/\/api.w.org\/{rel}","templated":true}]}}